{"id":10814,"date":"2024-03-16T00:05:20","date_gmt":"2024-03-15T22:05:20","guid":{"rendered":"https:\/\/shop.autom8connect.com\/produs\/releu-inteligent-shelly-plus-1-mini-gen3-1-canal-8a\/"},"modified":"2024-03-21T16:01:45","modified_gmt":"2024-03-21T14:01:45","slug":"releu-inteligent-shelly-plus-1-mini-gen3-1-canal-8a","status":"publish","type":"product","link":"https:\/\/shop.autom8connect.com\/?product=releu-inteligent-shelly-plus-1-mini-gen3-1-canal-8a","title":{"rendered":"Releu inteligent Shelly Plus 1 Mini GEN3, 1 canal, 8A"},"content":{"rendered":"<p>Cel mai mic releu din lume pentru control inteligent.<br \/>\nAutomatizeaz\u0103-\u021bi luminile, u\u0219a garajului, sistemul de irigare sau alte aparate electrice mici \u00een mai pu\u021bin de 10 minute \u0219i controleaz\u0103-le de oriunde.<br \/>\nSuficient de mic pentru a \u00eenc\u0103pea \u00een spatele oric\u0103rui \u00eentrerup\u0103tor de perete sau priz\u0103, Shelly Plus 1 Mini poate fi adaptat \u0219i este foarte compatibil cu ecosistemul t\u0103u inteligent existent.<br \/>\nNu este nevoie de hub! Control u\u0219or prin aplica\u021bia Shelly Smart Control, majoritatea platformelor \u0219i protocoalelor, precum \u0219i asisten\u021bilor vocali.<br \/>\nUtiliza\u021bi-l cu Alexa, Home Assistant sau sistemul dvs. de automatizare preferat.<br \/>\nSuport\u0103 p\u00e2n\u0103 la 8 A la 240 VAC \u0219i 5 A la 30 VDC Contacte uscate (f\u0103r\u0103 poten\u021bial)\u200b &#8211; op\u021biune pentru controlul contactorului Extensor de raz\u0103 Wi-Fi \u0219i gateway Bluetooth Procesor extrem de rapid pentru reac\u021bie imediat\u0103 \u2013 ESP32\u200b Suport\u0103 scripting, webhooks, MQTT, WebSocket, HTTPS, UDP, TLS \u0219i certificate personalizate<\/p>\n","protected":false},"excerpt":{"rendered":"<p>&#8222;Ne place releul inteligent Shelly Plus 1 Mini GEN 3 cu 1 canal \u0219i intensitate maxim\u0103 a curentului de 8A pentru c\u0103 este mic \u0219i poate fi montat \u00een doze \u00een care releul de dimensiune normal\u0103 nu \u00eencape.&#8221;<\/p>\n","protected":false},"featured_media":11234,"comment_status":"open","ping_status":"closed","template":"","meta":[],"product_cat":[88],"product_tag":[100,97,197,93,95],"class_list":{"0":"post-10814","1":"product","2":"type-product","3":"status-publish","4":"has-post-thumbnail","6":"product_cat-relee-wi-fi","7":"product_tag-1-canal","8":"product_tag-home-assistant","9":"product_tag-releu","10":"product_tag-shelly","11":"product_tag-wifi","13":"first","14":"instock","15":"taxable","16":"shipping-taxable","17":"purchasable","18":"product-type-simple"},"_links":{"self":[{"href":"https:\/\/shop.autom8connect.com\/index.php?rest_route=\/wp\/v2\/product\/10814","targetHints":{"allow":["GET"]}}],"collection":[{"href":"https:\/\/shop.autom8connect.com\/index.php?rest_route=\/wp\/v2\/product"}],"about":[{"href":"https:\/\/shop.autom8connect.com\/index.php?rest_route=\/wp\/v2\/types\/product"}],"replies":[{"embeddable":true,"href":"https:\/\/shop.autom8connect.com\/index.php?rest_route=%2Fwp%2Fv2%2Fcomments&post=10814"}],"wp:featuredmedia":[{"embeddable":true,"href":"https:\/\/shop.autom8connect.com\/index.php?rest_route=\/wp\/v2\/media\/11234"}],"wp:attachment":[{"href":"https:\/\/shop.autom8connect.com\/index.php?rest_route=%2Fwp%2Fv2%2Fmedia&parent=10814"}],"wp:term":[{"taxonomy":"product_cat","embeddable":true,"href":"https:\/\/shop.autom8connect.com\/index.php?rest_route=%2Fwp%2Fv2%2Fproduct_cat&post=10814"},{"taxonomy":"product_tag","embeddable":true,"href":"https:\/\/shop.autom8connect.com\/index.php?rest_route=%2Fwp%2Fv2%2Fproduct_tag&post=10814"}],"curies":[{"name":"wp","href":"https:\/\/api.w.org\/{rel}","templated":true}]}}