{"id":10831,"date":"2024-03-16T00:05:27","date_gmt":"2024-03-15T22:05:27","guid":{"rendered":"https:\/\/shop.autom8connect.com\/produs\/releu-inteligent-shelly-plus-0-10v-dimmer\/"},"modified":"2024-03-21T16:56:11","modified_gmt":"2024-03-21T14:56:11","slug":"releu-inteligent-shelly-plus-0-10v-dimmer","status":"publish","type":"product","link":"https:\/\/shop.autom8connect.com\/?product=releu-inteligent-shelly-plus-0-10v-dimmer","title":{"rendered":"Releu inteligent Shelly Plus 0-10V Dimabil"},"content":{"rendered":"<p>Controler inteligent de reglare 0-10V DC<\/p>\n<p>Conceput pentru a gestiona driverele de reglare 0-10V, Shelly Plus 0-10V Dimmer ofer\u0103 o reglare precis\u0103 a luminii cu telecomand\u0103. Este retrofit \u0219i poate fi folosit cu orice comutator obi\u0219nuit pe care \u00eel ave\u021bi acas\u0103.<\/p>\n<p>&#8211;\u00a0 \u00a0\u00a0 Nu este nevoie de hub! Control u\u0219or prin aplica\u021bia Shelly Smart Control, majoritatea platformelor \u0219i protocoalelor, precum \u0219i asisten\u021bilor vocali. Utiliza\u021bi-l cu Alexa, Home Assistant sau cu platforma dvs. de automatizare preferat\u0103<br \/>\n&#8211; \u00a0 Suporta controlul semnalului pentru mai multe tipuri de drivere (lumini, motoare, supape etc; in functie de driver)<br \/>\n&#8211;\u00a0\u00a0 Modul de atenuare cu un buton\/dublu (utilizare cu comutatoare fizice)<br \/>\n&#8211; \u00a0\u00a0 Wi-Fi Range Extender \u0219i BLE Gateway<br \/>\n&#8211;\u00a0\u00a0\u00a0 Procesor extrem de rapid pentru reac\u021bie imediat\u0103 &#8211; ESP32<br \/>\n&#8211;\u00a0\u00a0 Suport\u0103 scripting, webhooks, MQTT, WebSocket, HTTPS, UDP, TLS \u0219i certificate personalizate<\/p>\n","protected":false},"excerpt":{"rendered":"<p>&#8222;Ne place releul inteligent Shelly Plus 0-10V Dimmer 1 canal pentru c\u0103 este mic \u0219i se poate introduce \u00een doz\u0103 \u00een spatele comutatorului \u0219i permite reglarea intensit\u0103\u021bii becurilor sau benzilor led albe dimabile&#8221;.<\/p>\n","protected":false},"featured_media":11237,"comment_status":"open","ping_status":"closed","template":"","meta":[],"product_cat":[88],"product_tag":[100,131,197,93,95],"class_list":{"0":"post-10831","1":"product","2":"type-product","3":"status-publish","4":"has-post-thumbnail","6":"product_cat-relee-wi-fi","7":"product_tag-1-canal","8":"product_tag-dimabil","9":"product_tag-releu","10":"product_tag-shelly","11":"product_tag-wifi","13":"first","14":"instock","15":"taxable","16":"shipping-taxable","17":"purchasable","18":"product-type-simple"},"_links":{"self":[{"href":"https:\/\/shop.autom8connect.com\/index.php?rest_route=\/wp\/v2\/product\/10831","targetHints":{"allow":["GET"]}}],"collection":[{"href":"https:\/\/shop.autom8connect.com\/index.php?rest_route=\/wp\/v2\/product"}],"about":[{"href":"https:\/\/shop.autom8connect.com\/index.php?rest_route=\/wp\/v2\/types\/product"}],"replies":[{"embeddable":true,"href":"https:\/\/shop.autom8connect.com\/index.php?rest_route=%2Fwp%2Fv2%2Fcomments&post=10831"}],"wp:featuredmedia":[{"embeddable":true,"href":"https:\/\/shop.autom8connect.com\/index.php?rest_route=\/wp\/v2\/media\/11237"}],"wp:attachment":[{"href":"https:\/\/shop.autom8connect.com\/index.php?rest_route=%2Fwp%2Fv2%2Fmedia&parent=10831"}],"wp:term":[{"taxonomy":"product_cat","embeddable":true,"href":"https:\/\/shop.autom8connect.com\/index.php?rest_route=%2Fwp%2Fv2%2Fproduct_cat&post=10831"},{"taxonomy":"product_tag","embeddable":true,"href":"https:\/\/shop.autom8connect.com\/index.php?rest_route=%2Fwp%2Fv2%2Fproduct_tag&post=10831"}],"curies":[{"name":"wp","href":"https:\/\/api.w.org\/{rel}","templated":true}]}}