{"id":12814,"date":"2024-04-04T12:09:23","date_gmt":"2024-04-04T10:09:23","guid":{"rendered":"https:\/\/shop.autom8connect.com\/?post_type=product&#038;p=12814"},"modified":"2024-04-04T12:31:55","modified_gmt":"2024-04-04T10:31:55","slug":"senzor-wifi-umiditate-sol","status":"publish","type":"product","link":"https:\/\/shop.autom8connect.com\/?product=senzor-wifi-umiditate-sol","title":{"rendered":"Senzor WiFi umiditate sol"},"content":{"rendered":"<p>Specifica\u021bii:<\/p>\n<p>Interval de umiditate: 0% p\u00e2n\u0103 la 100%;<\/p>\n<p>Rezolu\u021bie: 1%<\/p>\n<p>Interval de setare AD: 70~200;<\/p>\n<p>Valoarea ini\u021bial\u0103: 70<\/p>\n<p>Interval de setare 100%AD: 0%AD+10~1000; Valoarea ini\u021bial\u0103: 500<\/p>\n<p>Rata de actualizare: 70 de secunde<\/p>\n<p>Putere: 1 x baterie AA (nu este inclus\u0103)<\/p>\n<p>&nbsp;<\/p>\n<p>Sfaturi importante:<\/p>\n<p>1. Nu atinge\u021bi senzorul de pietre sau sol din roc\u0103 tare, dac\u0103 solul este prea dur \u0219i uscat este u\u0219or de deteriorat senzorul.<\/p>\n<p>2. Este conceput doar pentru testarea solului.<\/p>\n<p>3. Se recomand\u0103 introducerea senzorului complet \u00een sol \u0219i men\u021binerea acestuia \u00een sol timp de 2-3 minute pentru a ob\u021bine citiri precise.<\/p>\n<p>&nbsp;<\/p>\n<p>Pachetul include:<\/p>\n<p>1 x Senzor de umiditate a solului (F\u0103r\u0103 consola de afi\u0219are)<\/p>\n<p>1 x capac<\/p>\n<p>1 x manual<\/p>\n","protected":false},"excerpt":{"rendered":"<p>Ne place senzorul WiFi de m\u0103surare a umidit\u0103\u021bii solului pentru c\u0103 poate fi integrat (prin intermediul sta\u021biei de m\u0103surare) \u00een Home Asisstant, \u00ee\u0219i face treaba \u0219i rezist\u0103 \u00een timp.<\/p>\n","protected":false},"featured_media":12816,"comment_status":"open","ping_status":"closed","template":"","meta":[],"product_cat":[89],"product_tag":[113,201,200],"class_list":{"0":"post-12814","1":"product","2":"type-product","3":"status-publish","4":"has-post-thumbnail","6":"product_cat-senzori-smart","7":"product_tag-senzor","8":"product_tag-sol","9":"product_tag-umiditate","11":"first","12":"instock","13":"taxable","14":"shipping-taxable","15":"purchasable","16":"product-type-simple"},"_links":{"self":[{"href":"https:\/\/shop.autom8connect.com\/index.php?rest_route=\/wp\/v2\/product\/12814","targetHints":{"allow":["GET"]}}],"collection":[{"href":"https:\/\/shop.autom8connect.com\/index.php?rest_route=\/wp\/v2\/product"}],"about":[{"href":"https:\/\/shop.autom8connect.com\/index.php?rest_route=\/wp\/v2\/types\/product"}],"replies":[{"embeddable":true,"href":"https:\/\/shop.autom8connect.com\/index.php?rest_route=%2Fwp%2Fv2%2Fcomments&post=12814"}],"wp:featuredmedia":[{"embeddable":true,"href":"https:\/\/shop.autom8connect.com\/index.php?rest_route=\/wp\/v2\/media\/12816"}],"wp:attachment":[{"href":"https:\/\/shop.autom8connect.com\/index.php?rest_route=%2Fwp%2Fv2%2Fmedia&parent=12814"}],"wp:term":[{"taxonomy":"product_cat","embeddable":true,"href":"https:\/\/shop.autom8connect.com\/index.php?rest_route=%2Fwp%2Fv2%2Fproduct_cat&post=12814"},{"taxonomy":"product_tag","embeddable":true,"href":"https:\/\/shop.autom8connect.com\/index.php?rest_route=%2Fwp%2Fv2%2Fproduct_tag&post=12814"}],"curies":[{"name":"wp","href":"https:\/\/api.w.org\/{rel}","templated":true}]}}