{"id":12821,"date":"2024-04-04T12:23:16","date_gmt":"2024-04-04T10:23:16","guid":{"rendered":"https:\/\/shop.autom8connect.com\/?post_type=product&#038;p=12821"},"modified":"2024-04-04T12:47:14","modified_gmt":"2024-04-04T10:47:14","slug":"statie-wifi-citire-senzori-umiditate-sol","status":"publish","type":"product","link":"https:\/\/shop.autom8connect.com\/?product=statie-wifi-citire-senzori-umiditate-sol","title":{"rendered":"Sta\u021bie WiFi citire senzori umiditate sol"},"content":{"rendered":"<p>Gateway pentru sta\u021bia meteo WIFI f\u0103r\u0103 fir cu senzori de temperatur\u0103 interioar\u0103, umiditate \u0219i barometrie la bord, configurare u\u0219oar\u0103 \u0219i rapid\u0103 a Wi-Fi. Dup\u0103 configurarea WiFi, vizualiza\u021bi datele live pe pagina web sau WS View APP.<\/p>\n<p>Multifunc\u021bional: se conecteaz\u0103 to\u021bi senzorii de umiditate a solului (v\u00e2ndu\u021bi separat), pute\u021bi seta fusul orar \u0219i data, pute\u021bi gestiona al\u021bi senzori, pute\u021bi vizualiza semnalul senzorului \u0219i starea aliment\u0103rii. Configura\u021bi-v\u0103 propriul ecosistem de sta\u021bie meteo.<br \/>\nDate meteo digitale: Permite accesarea datelor dvs. actuale \u0219i istorice local sau de la distan\u021b\u0103. Dup\u0103 ce v\u0103 abona\u021bi la serviciul nostru gratuit Weather, pute\u021bi avea acces la datele istorice prin grafic sau foi de calcul cu date. Seria de senzori acceptate sunt: \u200b\u200btermohigrometru multicanal (p\u00e2n\u0103 la 8), senzori de umiditate a solului (p\u00e2n\u0103 la 8), senzori de particule de aer (PM2.5), NDIR Co2, senzor de scurgere (p\u00e2n\u0103 la 4), senzor detector de fulgere, pluviometru, anemometru, senzor de umiditate a frunzelor, termometru de piscin\u0103, matrice de senzori 7 \u00een 1, senzor de radia\u021bie solar\u0103 \u0219i a\u0219a mai departe.<br \/>\nServicii meteorologice acceptate: weather underground, weather cloud, WOW \u0219i propriul dvs. server meteo personalizat.<br \/>\nUltra-compact: dimensiune (3,5&#215;6,2&#215;1,2 cm) \u0219i economie de energie.<\/p>\n<p>Alimentare: DC 5V (conexiune USB); Dimensiune: 3,5&#215;6,2&#215;1,2cm<\/p>\n<p>Lungime cablu: 1M<\/p>\n<p>Interval wireless la senzori externi: 300FT\/100M (\u00een zone deschise)<\/p>\n<p>Frecven\u021ba: 868Mhz<\/p>\n<p>Interval de temperatur\u0103: -10\u00b0C \u2013 60\u00b0C (14\u00b0F &#8211; 140\u00b0F); rezolu\u021bie: 0,1\u00b0C sau 0,1\u00b0F; precizie: \u00b1 1\u00b0C<\/p>\n<p>Interval de umiditate: 1% ~ 99%; rezolu\u021bie: 1%; precizie: \u00b1 5%<\/p>\n<p>Interval de presiune barometric\u0103: 300 \u2013 1.100 hPa (8,85 \u2013 32,5 inHg); precizie: \u00b1 5 hPa; 0,1 hPa (0,01 inHg)<\/p>\n<p>Lista pachetului: 1x Gateway Wi-Fi GW1100 + 1x Clips pentru cablu<\/p>\n","protected":false},"excerpt":{"rendered":"<p>Ne place sta\u021bia WiFi de citire a senzorilor de umiditate a solului pentru c\u0103 permite conectarea a maxim 8 senzori de umiditate, precum \u0219i alte tipuri de senzori, se integreaz\u0103 cu u\u0219urin\u021b\u0103 \u00een Home Assistant \u0219i este un produs rezistent \u00een timp.<\/p>\n","protected":false},"featured_media":12822,"comment_status":"open","ping_status":"closed","template":"","meta":[],"product_cat":[89],"product_tag":[201,202,200,95],"class_list":{"0":"post-12821","1":"product","2":"type-product","3":"status-publish","4":"has-post-thumbnail","6":"product_cat-senzori-smart","7":"product_tag-sol","8":"product_tag-statie","9":"product_tag-umiditate","10":"product_tag-wifi","12":"first","13":"instock","14":"taxable","15":"shipping-taxable","16":"purchasable","17":"product-type-simple"},"_links":{"self":[{"href":"https:\/\/shop.autom8connect.com\/index.php?rest_route=\/wp\/v2\/product\/12821","targetHints":{"allow":["GET"]}}],"collection":[{"href":"https:\/\/shop.autom8connect.com\/index.php?rest_route=\/wp\/v2\/product"}],"about":[{"href":"https:\/\/shop.autom8connect.com\/index.php?rest_route=\/wp\/v2\/types\/product"}],"replies":[{"embeddable":true,"href":"https:\/\/shop.autom8connect.com\/index.php?rest_route=%2Fwp%2Fv2%2Fcomments&post=12821"}],"wp:featuredmedia":[{"embeddable":true,"href":"https:\/\/shop.autom8connect.com\/index.php?rest_route=\/wp\/v2\/media\/12822"}],"wp:attachment":[{"href":"https:\/\/shop.autom8connect.com\/index.php?rest_route=%2Fwp%2Fv2%2Fmedia&parent=12821"}],"wp:term":[{"taxonomy":"product_cat","embeddable":true,"href":"https:\/\/shop.autom8connect.com\/index.php?rest_route=%2Fwp%2Fv2%2Fproduct_cat&post=12821"},{"taxonomy":"product_tag","embeddable":true,"href":"https:\/\/shop.autom8connect.com\/index.php?rest_route=%2Fwp%2Fv2%2Fproduct_tag&post=12821"}],"curies":[{"name":"wp","href":"https:\/\/api.w.org\/{rel}","templated":true}]}}