{"id":9932,"date":"2024-03-04T20:20:01","date_gmt":"2024-03-04T18:20:01","guid":{"rendered":"https:\/\/shop.autom8connect.com\/?post_type=product&#038;p=9932"},"modified":"2024-03-21T13:20:23","modified_gmt":"2024-03-21T11:20:23","slug":"contor-inteligent-shelly-pro-3em-trifazat","status":"publish","type":"product","link":"https:\/\/shop.autom8connect.com\/?product=contor-inteligent-shelly-pro-3em-trifazat","title":{"rendered":"Contor inteligent Shelly Pro 3EM trifazat cu control contactor"},"content":{"rendered":"<div class=\"container-h container-bg product-page-holder \">\n<div id=\"product-page\">\n<div class=\"product-bottom\">\n<div class=\"\">\n<div class=\"row\">\n<div class=\"detail-tabs col-sm-6\">\n<div id=\"resp-tab\">\n<div class=\"resp-tabs-container regular-text tab-grup\">\n<div class=\"description-tab resp-tab-content tab-grup resp-tab-content-active\" aria-labelledby=\"tab-grup_tab_item-0\">\n<div class=\"_descriptionTab __showDescription\">\n<div class=\"-g-content-readmore\">\n<p>Shelly Pro 3EM este un contor de energie trifazat montat pe \u0219in\u0103 DIN. \u00cembun\u0103t\u0103\u021bit cu toat\u0103 flexibilitatea firmware-ului gen2 \u0219i conectivitate LAN, ofer\u0103 integratorilor profesioni\u0219ti op\u021biuni suplimentare pentru solu\u021bii pentru clien\u021bii finali. Shelly Pro 3EM raporteaz\u0103 energia acumulat\u0103, precum \u0219i tensiunea instantanee, curentul \u0219i factorul de putere per faz\u0103 \u00een timp real.<\/p>\n<ul>\n<li>M\u0103surare \u00een 4 cadrane cu mai multe tipuri de conexiune<\/li>\n<li>Clasa de precizie B (IEC 62053-21) energie activ\u0103<\/li>\n<li>Gata fotovoltaic<\/li>\n<li>Detectarea erorii secven\u021bei fazelor* (op\u021biune)<\/li>\n<li>Indicarea impulsului optic a consumului de energie<\/li>\n<li>Precizie de m\u0103surare p\u00e2n\u0103 la 1%<\/li>\n<li>Stocheaz\u0103 date \u00een memoria nevolatil\u0103 care pot fi preluate pentru o perioad\u0103 de p\u00e2n\u0103 la 60 de zile la intervale de 1 minut<\/li>\n<li>Pachetul include 3 buc\u0103\u021bi de transformatoare de curent de 120A<\/li>\n<\/ul>\n<p>Shelly Pro 3EM este un contor de energie trifazic operat prin Wi-Fi, montabil DIN, cu conectivitate Wi-Fi, Bluetooth \u0219i LAN. Cu o precizie de m\u0103surare a energiei active de 1%, Shelly Pro 3EM poate fi utilizat pentru a monitoriza individual consumul oric\u0103ror aparate electrocasnice, circuite electrice \u0219i echipamente de birou. Dispune de 60 de zile de date istorice pe dispozitiv, cu o rezolu\u021bie de 1 minut pentru fiecare faz\u0103. \u00cen plus, func\u021bionalit\u0103\u021bile sale de scripting permit execu\u021bia de scene complexe \u0219i ofer\u0103 abilit\u0103\u021bi mai largi de monitorizare.<\/p>\n<p>Shelly Pro 3EM accept\u0103 mTLS pentru MQTT, HTTP \u0219i WebSockets de ie\u0219ire securizate. Securitatea sa de nivel industrial permite conexiuni directe la infrastructura dvs. cloud, reduc\u00e2nd costul implement\u0103rii re\u021belelor complexe \u0219i VPN-urilor.<\/p>\n<p>Shelly Pro 3EM ofer\u0103 suport pentru MODBUS pentru tensiune, curent, putere \u0219i energie. Pute\u021bi e\u0219antiona cu exactitate consumul de energie \u0219i valorile instantanee ale tensiunii, curentului \u0219i puterii. Noua noastr\u0103 platform\u0103 de firmware permite implementarea personalizat\u0103 care poate raporta la fiecare 100 ms infrastructurii dumneavoastr\u0103.<\/p>\n<p>Monitoriza\u021bi-v\u0103 casa, biroul sau fabrica \u0219i evita\u021bi cheltuielile suplimentare sau sc\u0103derile de tensiune care v\u0103 pot deteriora aparatele \u0219i dispozitivele. Shelly Pro 3EM poate calcula consumul \u00een dou\u0103 direc\u021bii: energie produs\u0103 \u0219i utilizat\u0103 pentru fiecare dintre cele trei faze. Dispozitivul poate fi configurat pentru a m\u0103sura trei circuite separate ale unui sistem electric monofazat. Vizualiza\u021bi calitatea re\u021belei dvs. de electricitate \u00een ceea ce prive\u0219te puterea activ\u0103, puterea reactiv\u0103, tensiunea \u0219i factorul de putere.<\/p>\n<p>Datorit\u0103 func\u021bionalit\u0103\u021bilor de scripting \u0219i webhook-urilor Shelly Pro 3EM, acum pute\u021bi controla cu u\u0219urin\u021b\u0103 alte dispozitive Shelly sau Wi-Fi din re\u021beaua local\u0103. Utiliza\u021bi aceste capabilit\u0103\u021bi pentru a seta parametrii exacti pentru \u00eenc\u0103lzire, r\u0103cire sau \u00eenc\u0103rcare a vehiculelor electrice pe baza produc\u021biei fotovoltaice \u0219i face\u021bi ca dispozitivele dvs. s\u0103 reduc\u0103 automat consumul de energie. Toate acestea func\u021bioneaz\u0103 f\u0103r\u0103 a utiliza un nor.<\/p>\n<p>Urm\u0103ri\u021bi c\u00e2t\u0103 energie genereaz\u0103 panourile solare sau turbinele eoliene \u0219i economisi\u021bi f\u0103r\u0103 efort. Shelly Pro 3EM ofer\u0103 informa\u021bii \u00een timp real despre eficien\u021ba sistemului de energie solar\u0103 \u0219i eolian\u0103, precum \u0219i date istorice despre c\u00e2t de mult\u0103 energie a fost generat\u0103 \u0219i consumat\u0103 \u00een fiecare minut \u00een ultimele 60 de zile. Acest lucru v\u0103 ajut\u0103 s\u0103 controla\u021bi fluxul de energie, profit\u00e2nd la maximum de panourile solare \u0219i turbinele eoliene. Pentru a face un pas mai departe, conecta\u021bi Shelly Pro 3EM la celelalte dispozitive Shelly \u0219i crea\u021bi scene pentru a declan\u0219a ac\u021biunile dorite, cum ar fi oprirea aparatelor sau sunetul alarmelor.<\/p>\n<\/div>\n<\/div>\n<\/div>\n<\/div>\n<\/div>\n<\/div>\n<\/div>\n<\/div>\n<\/div>\n<\/div>\n<\/div>\n","protected":false},"excerpt":{"rendered":"<p>&#8222;Ne place contorul smart trifazat Shelly 3EM pentru c\u0103 este controlat prin ethernet \u0219i atunci nu e nevoie de semnal wifi \u00een zon\u0103 (camerele tehnice de regul\u0103 sunt ecranate), are precizie foarte bun\u0103 de m\u0103surare (1%), cite\u0219te curentul \u0219i factorul de putere \u00een timp real, func\u021bionalit\u0103\u021bi necesare pentru automatiz\u0103rile caselor care au panouri fotovoltaice. Ne place \u0219i faptul c\u0103 monitorizarea consumului se face prin intermediul tolelor \u0219i curentul nu trece direct prin contor, oferind protec\u021bie la supratensiune \u0219i o durat\u0103 de via\u021b\u0103 mai lung\u0103 a contorului. Tolele se pot muta u\u0219or pentru a monitoriza alt consumator.&#8221;<\/p>\n","protected":false},"featured_media":9933,"comment_status":"open","ping_status":"closed","template":"","meta":[],"product_cat":[103],"product_tag":[99,97,93,96,109,95],"class_list":{"0":"post-9932","1":"product","2":"type-product","3":"status-publish","4":"has-post-thumbnail","6":"product_cat-contoare-inteligente","7":"product_tag-contor","8":"product_tag-home-assistant","9":"product_tag-shelly","10":"product_tag-smart","11":"product_tag-trifazat","12":"product_tag-wifi","14":"first","15":"instock","16":"taxable","17":"shipping-taxable","18":"purchasable","19":"product-type-simple"},"_links":{"self":[{"href":"https:\/\/shop.autom8connect.com\/index.php?rest_route=\/wp\/v2\/product\/9932","targetHints":{"allow":["GET"]}}],"collection":[{"href":"https:\/\/shop.autom8connect.com\/index.php?rest_route=\/wp\/v2\/product"}],"about":[{"href":"https:\/\/shop.autom8connect.com\/index.php?rest_route=\/wp\/v2\/types\/product"}],"replies":[{"embeddable":true,"href":"https:\/\/shop.autom8connect.com\/index.php?rest_route=%2Fwp%2Fv2%2Fcomments&post=9932"}],"wp:featuredmedia":[{"embeddable":true,"href":"https:\/\/shop.autom8connect.com\/index.php?rest_route=\/wp\/v2\/media\/9933"}],"wp:attachment":[{"href":"https:\/\/shop.autom8connect.com\/index.php?rest_route=%2Fwp%2Fv2%2Fmedia&parent=9932"}],"wp:term":[{"taxonomy":"product_cat","embeddable":true,"href":"https:\/\/shop.autom8connect.com\/index.php?rest_route=%2Fwp%2Fv2%2Fproduct_cat&post=9932"},{"taxonomy":"product_tag","embeddable":true,"href":"https:\/\/shop.autom8connect.com\/index.php?rest_route=%2Fwp%2Fv2%2Fproduct_tag&post=9932"}],"curies":[{"name":"wp","href":"https:\/\/api.w.org\/{rel}","templated":true}]}}