{"id":9957,"date":"2024-03-05T11:57:30","date_gmt":"2024-03-05T09:57:30","guid":{"rendered":"https:\/\/shop.autom8connect.com\/?post_type=product&#038;p=9957"},"modified":"2024-03-06T13:19:40","modified_gmt":"2024-03-06T11:19:40","slug":"senzor-inundatie-shelly-flood-temperatura-pardoseala-wifi-home-assistant","status":"publish","type":"product","link":"https:\/\/shop.autom8connect.com\/?product=senzor-inundatie-shelly-flood-temperatura-pardoseala-wifi-home-assistant","title":{"rendered":"Senzor inunda\u021bie Shelly Flood, temperatur\u0103 pardoseal\u0103, WiFi, Home Assistant"},"content":{"rendered":"<p>Shelly Flood, introdus \u00een septembrie 2019, este noul senzor de inunda\u021bii \/ scurgeri de acces WiFi Shelly. Datorit\u0103 consumului redus, dispozitivul alimentat cu baterii poate func\u021biona mai mult de 1 an sau conform manualului din fabric\u0103 chiar \u0219i 18 luni.<\/p>\n<p>Pun\u00e2nd dispozitivul sub robinet de ap\u0103, ma\u0219in\u0103 de sp\u0103lat sau chiuvet\u0103, atunci c\u00e2nd senzorul detecteaz\u0103 scurgeri de ap\u0103 (de exemplu, din cauza unei conducte rupte, supape rupte, radiator de ap\u0103 cald\u0103 defect), senzorul este activat \u0219i trimite o alarm\u0103 c\u0103tre Shelly aplica\u021bie. Conect\u00e2nd Shelly Flood cu un releu Shelly 1, pute\u021bi chiar controla o supap\u0103 electric\u0103 de ap\u0103. Senzorul de inunda\u021bie are un senzor de temperatur\u0103 \u00eencorporat, astfel \u00eenc\u00e2t poate m\u0103sura temperatura podelei dac\u0103 ave\u021bi \u00eenc\u0103lzire prin pardoseal\u0103.<\/p>\n","protected":false},"excerpt":{"rendered":"<p>Aici spunem de ce ne place senzorul de inunda\u021bie de la Shelly<\/p>\n","protected":false},"featured_media":9958,"comment_status":"open","ping_status":"closed","template":"","meta":[],"product_cat":[89],"product_tag":[97,114,113,93,96,115,95],"class_list":{"0":"post-9957","1":"product","2":"type-product","3":"status-publish","4":"has-post-thumbnail","6":"product_cat-senzori-smart","7":"product_tag-home-assistant","8":"product_tag-inundatie","9":"product_tag-senzor","10":"product_tag-shelly","11":"product_tag-smart","12":"product_tag-temperatura","13":"product_tag-wifi","15":"first","16":"instock","17":"taxable","18":"shipping-taxable","19":"purchasable","20":"product-type-simple"},"_links":{"self":[{"href":"https:\/\/shop.autom8connect.com\/index.php?rest_route=\/wp\/v2\/product\/9957","targetHints":{"allow":["GET"]}}],"collection":[{"href":"https:\/\/shop.autom8connect.com\/index.php?rest_route=\/wp\/v2\/product"}],"about":[{"href":"https:\/\/shop.autom8connect.com\/index.php?rest_route=\/wp\/v2\/types\/product"}],"replies":[{"embeddable":true,"href":"https:\/\/shop.autom8connect.com\/index.php?rest_route=%2Fwp%2Fv2%2Fcomments&post=9957"}],"wp:featuredmedia":[{"embeddable":true,"href":"https:\/\/shop.autom8connect.com\/index.php?rest_route=\/wp\/v2\/media\/9958"}],"wp:attachment":[{"href":"https:\/\/shop.autom8connect.com\/index.php?rest_route=%2Fwp%2Fv2%2Fmedia&parent=9957"}],"wp:term":[{"taxonomy":"product_cat","embeddable":true,"href":"https:\/\/shop.autom8connect.com\/index.php?rest_route=%2Fwp%2Fv2%2Fproduct_cat&post=9957"},{"taxonomy":"product_tag","embeddable":true,"href":"https:\/\/shop.autom8connect.com\/index.php?rest_route=%2Fwp%2Fv2%2Fproduct_tag&post=9957"}],"curies":[{"name":"wp","href":"https:\/\/api.w.org\/{rel}","templated":true}]}}